{"id":4,"date":"2022-02-27T12:04:36","date_gmt":"2022-02-27T11:04:36","guid":{"rendered":"https:\/\/reneva.ch\/?page_id=4"},"modified":"2023-03-26T11:49:40","modified_gmt":"2023-03-26T09:49:40","slug":"datenschutzerklaerung","status":"publish","type":"page","link":"https:\/\/reneva.ch\/?page_id=4","title":{"rendered":"Ein paar Informationen"},"content":{"rendered":"\n<p><\/p>\n\n\n\n<h2 class=\"wp-block-heading\">Geschenke<\/h2>\n\n\n\n<p>Wir freuen uns auf Euch und m\u00f6chten keine Geschenke. Dies ist f\u00fcr alle Seiten deutlich entspannter. Wer trotzdem etwas geben m\u00f6chte, kann dies doch gerne an ein Hilfswerk seiner Wahl tun, f\u00fcr diejenigen welche unbedingt am Fest etwas abliefern m\u00f6chten, steht ein Pot f\u00fcr <a href=\"http:\/\/pamirlink.org\/\">PamirLink <\/a>bereit. Wir kennen die Leute; sie erstellen f\u00fcr die Pamiri Kraftwerke und die haben die Unterst\u00fctzung n\u00f6tiger als wir.<\/p>\n\n\n\n<h2 class=\"wp-block-heading\">Material f\u00fcr die \u00dcbernachtung<\/h2>\n\n\n\n<p>Wer im Pfadiheim \u00fcbernachtet, sollte einen Schlafsack dabei haben. Es hat Kissen und Fixleint\u00fccher aber keine Decken. Die Zimmerzuteilung werden wir nat\u00fcrlich machen, damit Ihr ganz entspannt anreisen k\u00f6nnt ;-).<\/p>\n\n\n\n<h2 class=\"wp-block-heading\">Ort<\/h2>\n\n\n\n<figure class=\"wp-block-image size-large\"><img loading=\"lazy\" decoding=\"async\" width=\"1024\" height=\"426\" src=\"https:\/\/reneva.ch\/wp-content\/uploads\/2022\/03\/Lage-1024x426.jpg\" alt=\"\" class=\"wp-image-36\" srcset=\"https:\/\/reneva.ch\/wp-content\/uploads\/2022\/03\/Lage-1024x426.jpg 1024w, https:\/\/reneva.ch\/wp-content\/uploads\/2022\/03\/Lage-300x125.jpg 300w, https:\/\/reneva.ch\/wp-content\/uploads\/2022\/03\/Lage-768x320.jpg 768w, https:\/\/reneva.ch\/wp-content\/uploads\/2022\/03\/Lage.jpg 1280w\" sizes=\"(max-width: 1024px) 100vw, 1024px\" \/><\/figure>\n\n\n\n<p>Das Pfadiheim ist ab Haltestelle T\u00e4gertschi in ca. 15&#8242; zu Fuss zu erreichen, mit den privaten Reisemitteln hilft Euch der Herr &#8222;Google&#8220; gerne weiter.<\/p>\n\n\n\n<p>Pfadiheim Gysenstein, Bachsgraben 101, 3503 Gysenstein<\/p>\n\n\n\n<h2 class=\"wp-block-heading\">Ablauf<\/h2>\n\n\n\n<p>Wir stellen uns das Fest sehr einfach vor:<\/p>\n\n\n\n<p>Eintreffen: Samstag 24. Juni 2023 ab 16:00<\/p>\n\n\n\n<p>Ap\u00e9ro &amp; Schwatzen<\/p>\n\n\n\n<p>ca. 19:00 Essen &amp; Trinken &amp; Schwatzen<\/p>\n\n\n\n<p>ab Eindunkeln Musik&amp; Tanzen &amp; Trinken &amp; Schwatzen<\/p>\n\n\n\n<p>bei Bedarf Schlafen<\/p>\n\n\n\n<p>Sonntag 25. Juni 2023: Aufwachen &amp; Brunch &amp; Brummen<\/p>\n","protected":false},"excerpt":{"rendered":"<p>Geschenke Wir freuen uns auf Euch und m\u00f6chten keine Geschenke. Dies ist f\u00fcr alle Seiten deutlich entspannter. Wer trotzdem etwas geben m\u00f6chte, kann dies doch gerne an ein Hilfswerk seiner Wahl tun, f\u00fcr diejenigen welche unbedingt am Fest etwas abliefern m\u00f6chten, steht ein Pot f\u00fcr PamirLink bereit. Wir kennen die Leute; sie erstellen f\u00fcr die [&hellip;]<\/p>\n","protected":false},"author":1,"featured_media":0,"parent":0,"menu_order":0,"comment_status":"closed","ping_status":"closed","template":"","meta":{"footnotes":""},"_links":{"self":[{"href":"https:\/\/reneva.ch\/index.php?rest_route=\/wp\/v2\/pages\/4"}],"collection":[{"href":"https:\/\/reneva.ch\/index.php?rest_route=\/wp\/v2\/pages"}],"about":[{"href":"https:\/\/reneva.ch\/index.php?rest_route=\/wp\/v2\/types\/page"}],"author":[{"embeddable":true,"href":"https:\/\/reneva.ch\/index.php?rest_route=\/wp\/v2\/users\/1"}],"replies":[{"embeddable":true,"href":"https:\/\/reneva.ch\/index.php?rest_route=%2Fwp%2Fv2%2Fcomments&post=4"}],"version-history":[{"count":7,"href":"https:\/\/reneva.ch\/index.php?rest_route=\/wp\/v2\/pages\/4\/revisions"}],"predecessor-version":[{"id":91,"href":"https:\/\/reneva.ch\/index.php?rest_route=\/wp\/v2\/pages\/4\/revisions\/91"}],"wp:attachment":[{"href":"https:\/\/reneva.ch\/index.php?rest_route=%2Fwp%2Fv2%2Fmedia&parent=4"}],"curies":[{"name":"wp","href":"https:\/\/api.w.org\/{rel}","templated":true}]}}